{"id":116,"date":"2019-03-18T08:35:04","date_gmt":"2019-03-18T08:35:04","guid":{"rendered":"http:\/\/wordpress.sbw1870.de\/?page_id=116"},"modified":"2019-03-28T19:19:51","modified_gmt":"2019-03-28T19:19:51","slug":"vermietung","status":"publish","type":"page","link":"https:\/\/wordpress.sbw1870.de\/?page_id=116","title":{"rendered":"Vermietung"},"content":{"rendered":"\n<p> <br>Sie planen eine Familien- oder Geburtstagsfeier, einen Polterabend,             eine Hochzeitsfeier, eine Versammlung oder gar eine Betriebsfeier? <br> <br>Dann ist die Sch\u00fctzenhalle in Waldhausen der ideale Ort f\u00fcr Sie!  <br><br>Nachstehende Objekte werden sowohl einzeln, als auch kombiniert  angeboten:  <br><br><\/p>\n\n\n\n<ul><li>kleine Halle<\/li><li>gro\u00dfe Halle<\/li><li>Thekenbereich<\/li><li>Bowlebar<\/li><li>Speisesaal<\/li><li>K\u00fcche<\/li><li>fahrbare Theke<\/li><\/ul>\n\n\n\n<p><br>Dank einer modernen Deckenstrahlheizung ist die kleine Halle und der             Thekenbereich w\u00e4hrend der kalten Jahreszeiten beheizbar. <br><br><\/p>\n\n\n\n<p style=\"text-align:center\"><br>Sie haben Interesse oder Fragen?<br><br>Kein Problem &#8211; Sprechen Sie uns an!<br><br>Gerne geben wir Ihnen weitere Informationen und <br>erstellen Ihnen ein unverb. Angebot! <br><br><br><\/p>\n\n\n\n<p><strong><em>Ihr Ansprechpartner:<\/em><\/strong><br>Sch\u00fctzenbruderschaft St. Antonius Waldhausen 1870 e.V.  <br>Oberst Dietmar Beele  <br>Taubeneiche 19 <br>59581 Warstein-Waldhausen  <br>Tel. 0 29 25 \/ 81 83 40  <br>Mail: kontakt(at)sbw1870.de<\/p>\n","protected":false},"excerpt":{"rendered":"<p>Sie planen eine Familien- oder Geburtstagsfeier, einen Polterabend, eine Hochzeitsfeier, eine Versammlung oder gar eine Betriebsfeier? Dann ist die Sch\u00fctzenhalle in Waldhausen der ideale Ort f\u00fcr Sie! Nachstehende Objekte werden sowohl einzeln, als auch kombiniert angeboten: kleine Halle gro\u00dfe Halle &hellip; <a href=\"https:\/\/wordpress.sbw1870.de\/?page_id=116\">Weiterlesen <span class=\"meta-nav\">&rarr;<\/span><\/a><\/p>\n","protected":false},"author":1,"featured_media":0,"parent":0,"menu_order":0,"comment_status":"closed","ping_status":"closed","template":"","meta":[],"_links":{"self":[{"href":"https:\/\/wordpress.sbw1870.de\/index.php?rest_route=\/wp\/v2\/pages\/116"}],"collection":[{"href":"https:\/\/wordpress.sbw1870.de\/index.php?rest_route=\/wp\/v2\/pages"}],"about":[{"href":"https:\/\/wordpress.sbw1870.de\/index.php?rest_route=\/wp\/v2\/types\/page"}],"author":[{"embeddable":true,"href":"https:\/\/wordpress.sbw1870.de\/index.php?rest_route=\/wp\/v2\/users\/1"}],"replies":[{"embeddable":true,"href":"https:\/\/wordpress.sbw1870.de\/index.php?rest_route=%2Fwp%2Fv2%2Fcomments&post=116"}],"version-history":[{"count":9,"href":"https:\/\/wordpress.sbw1870.de\/index.php?rest_route=\/wp\/v2\/pages\/116\/revisions"}],"predecessor-version":[{"id":525,"href":"https:\/\/wordpress.sbw1870.de\/index.php?rest_route=\/wp\/v2\/pages\/116\/revisions\/525"}],"wp:attachment":[{"href":"https:\/\/wordpress.sbw1870.de\/index.php?rest_route=%2Fwp%2Fv2%2Fmedia&parent=116"}],"curies":[{"name":"wp","href":"https:\/\/api.w.org\/{rel}","templated":true}]}}