{"id":20,"date":"2019-03-15T11:14:35","date_gmt":"2019-03-15T11:14:35","guid":{"rendered":"http:\/\/wordpress.sbw1870.de\/?page_id=20"},"modified":"2025-06-07T08:54:35","modified_gmt":"2025-06-07T08:54:35","slug":"koenigspaare","status":"publish","type":"page","link":"https:\/\/wordpress.sbw1870.de\/?page_id=20","title":{"rendered":"Sch\u00fctzenk\u00f6nige"},"content":{"rendered":"\n<h3 class=\"has-text-align-left\">2024 &#8211; 2020<\/h3>\n\n\n\n<ul>\n<li><a href=\"https:\/\/wordpress.sbw1870.de\/?page_id=921#2025\" data-type=\"URL\" data-id=\"https:\/\/wordpress.sbw1870.de\/?page_id=921#2025\">2025 &#8211; Erik Henke und Jana Gumbinger<\/a><\/li>\n\n\n\n<li><a href=\"https:\/\/wordpress.sbw1870.de\/?page_id=921#2024\">2024 &#8211; Andre und Laura Engelhardt<\/a><\/li>\n\n\n\n<li><a href=\"http:\/\/wordpress.sbw1870.de\/?page_id=921#2023\">2023 &#8211; Jan Henke und Gina Gumbinger<\/a><\/li>\n\n\n\n<li><a rel=\"noreferrer noopener\" href=\"https:\/\/wordpress.sbw1870.de\/?page_id=921#2022\" target=\"_blank\">2022 &#8211; Sven und Martina Bret\u00b4l<\/a><\/li>\n\n\n\n<li><a rel=\"noreferrer noopener\" href=\"https:\/\/wordpress.sbw1870.de\/?page_id=921#2021\" target=\"_blank\">2021 &#8211; Kaiser &#8211; Stefan Wiedenstridt und Ina J\u00e4ker-Kl\u00f6er<\/a><\/li>\n\n\n\n<li>2021 &#8211; Aufgrund der Covid-19-Pandemie wurde das Sch\u00fctzenfest abgesagt.<\/li>\n\n\n\n<li>2020 &#8211; Aufgrund der Covid-19-Pandemie wurde das Sch\u00fctzenfest abgesagt.<\/li>\n<\/ul>\n\n\n\n<h3>2019 &#8211; 2000<\/h3>\n\n\n\n<ul>\n<li><a href=\"http:\/\/wordpress.sbw1870.de\/?page_id=93#2019\">2019 &#8211; Martin Beele &amp; Beate Eickhoff<\/a><\/li>\n\n\n\n<li><a rel=\"noreferrer noopener\" aria-label=\"2018 - Jens Alfermann &amp; Annabell Schriek (\u00f6ffnet in neuem Tab)\" href=\"http:\/\/wordpress.sbw1870.de\/?page_id=93#2018\" target=\"_blank\">2018 &#8211; Jens Alfermann &amp; Annabell Schriek<\/a><\/li>\n\n\n\n<li><a rel=\"noreferrer noopener\" aria-label=\"2017 - Julian Kl\u00f6er &amp; Christina Happe (\u00f6ffnet in neuem Tab)\" href=\"http:\/\/wordpress.sbw1870.de\/?page_id=93#2017\" target=\"_blank\">2017 &#8211; Julian Kl\u00f6er &amp; Christina Happe<\/a><\/li>\n\n\n\n<li><a rel=\"noreferrer noopener\" aria-label=\"2016 - Dietmar &amp; Alexandra Beele (\u00f6ffnet in neuem Tab)\" href=\"http:\/\/wordpress.sbw1870.de\/?page_id=93#2016\" target=\"_blank\">2016 &#8211; Dietmar &amp; Alexandra Beele<\/a><\/li>\n\n\n\n<li><a rel=\"noreferrer noopener\" aria-label=\"2015 - Wolfgang H\u00fcske &amp; Birgitt Hermanschulte (\u00f6ffnet in neuem Tab)\" href=\"http:\/\/wordpress.sbw1870.de\/?page_id=93#2015\" target=\"_blank\">2015 &#8211; Wolfgang H\u00fcske &amp; Birgitt Hermanschulte<\/a><\/li>\n\n\n\n<li><a rel=\"noreferrer noopener\" aria-label=\"2014 - Andr\u00e9 Kramer &amp; Stefanie H\u00f6tte (\u00f6ffnet in neuem Tab)\" href=\"http:\/\/wordpress.sbw1870.de\/?page_id=93#2014\" target=\"_blank\">2014 &#8211; Andr\u00e9 Kramer &amp; Stefanie H\u00f6tte<\/a><\/li>\n\n\n\n<li><a rel=\"noreferrer noopener\" aria-label=\"2013 - Karsten &amp; Melanie Strugholtz (\u00f6ffnet in neuem Tab)\" href=\"http:\/\/wordpress.sbw1870.de\/?page_id=93#2013\" target=\"_blank\">2013 &#8211; Karsten &amp; Melanie Strugholtz<\/a><\/li>\n\n\n\n<li><a rel=\"noreferrer noopener\" aria-label=\"2012 - Alexander Happe &amp; Sabine K\u00fchle (\u00f6ffnet in neuem Tab)\" href=\"http:\/\/wordpress.sbw1870.de\/?page_id=93#2012\" target=\"_blank\">2012 &#8211; Alexander Happe &amp; Sabine K\u00fchle<\/a><\/li>\n\n\n\n<li><a rel=\"noreferrer noopener\" aria-label=\"2011 - Norbert Wiedenstridt &amp; Brigitte Koch (\u00f6ffnet in neuem Tab)\" href=\"http:\/\/wordpress.sbw1870.de\/?page_id=93#2011\" target=\"_blank\">2011 &#8211; Norbert Wiedenstridt &amp; Brigitte Koch<\/a><\/li>\n\n\n\n<li><a rel=\"noreferrer noopener\" aria-label=\"2010 - Andreas &amp; Gabriele Schulz (\u00f6ffnet in neuem Tab)\" href=\"http:\/\/wordpress.sbw1870.de\/?page_id=93#2010\" target=\"_blank\">2010 &#8211; Andreas &amp; Gabriele Schulz<\/a><\/li>\n\n\n\n<li> <a rel=\"noreferrer noopener\" href=\"http:\/\/wordpress.sbw1870.de\/?page_id=93#2009\" target=\"_blank\">2009 &#8211; Bernhard &amp; Nadja Berghoff<\/a><\/li>\n\n\n\n<li><a rel=\"noreferrer noopener\" href=\"http:\/\/wordpress.sbw1870.de\/?page_id=93#2008\" target=\"_blank\">2008 &#8211; Rainer Kemper &amp; Petra Luhmann<\/a><\/li>\n\n\n\n<li><a rel=\"noreferrer noopener\" href=\"http:\/\/wordpress.sbw1870.de\/?page_id=93#2007\" target=\"_blank\">2007 &#8211; Ulrich &amp; Andrea Buntenbach<\/a><\/li>\n\n\n\n<li><a rel=\"noreferrer noopener\" href=\"http:\/\/wordpress.sbw1870.de\/?page_id=93#2006\" target=\"_blank\">2006 &#8211; Peter &amp; Carolin Cordes<\/a><\/li>\n\n\n\n<li><a rel=\"noreferrer noopener\" href=\"http:\/\/wordpress.sbw1870.de\/?page_id=93#2005\" target=\"_blank\">2005 &#8211; Peter &amp; Margaretha Wiemann<\/a><\/li>\n\n\n\n<li><a rel=\"noreferrer noopener\" href=\"http:\/\/wordpress.sbw1870.de\/?page_id=93#2004\" target=\"_blank\">2004 &#8211; Thomas &amp; Maren Brock<\/a><\/li>\n\n\n\n<li><a rel=\"noreferrer noopener\" href=\"http:\/\/wordpress.sbw1870.de\/?page_id=93#2003\" target=\"_blank\">2003 &#8211; Thomas Dreischal\u00fcck &amp; Ute Eickhoff<\/a><\/li>\n\n\n\n<li><a rel=\"noreferrer noopener\" href=\"http:\/\/wordpress.sbw1870.de\/?page_id=93#2002\" target=\"_blank\">2002 &#8211; Heiko Marschollek &amp; Nadine Kleeschulte<\/a><\/li>\n\n\n\n<li><a rel=\"noreferrer noopener\" href=\"http:\/\/wordpress.sbw1870.de\/?page_id=93#2001\" target=\"_blank\">2001 &#8211; Stefan Wiedenstridt &amp; Ina Kl\u00f6er<\/a><\/li>\n\n\n\n<li><a rel=\"noreferrer noopener\" href=\"http:\/\/wordpress.sbw1870.de\/?page_id=93#2000\" target=\"_blank\">2000 &#8211; Manuel Schulte &amp; Christiane Kemper<\/a> <\/li>\n<\/ul>\n\n\n\n<h3 class=\"has-text-align-center\"><strong>1999 &#8211; 1980<\/strong><\/h3>\n\n\n\n<ul>\n<li><a rel=\"noreferrer noopener\" aria-label=\"1999 - Martin Beele &amp; Katrin Koch (\u00f6ffnet in neuem Tab)\" href=\"http:\/\/wordpress.sbw1870.de\/?page_id=354#1999\" target=\"_blank\">1999 &#8211; Martin Beele &amp; Katrin Koch<\/a><\/li>\n\n\n\n<li><a rel=\"noreferrer noopener\" aria-label=\"1998 - Willi &amp; Edith Eickhoff (\u00f6ffnet in neuem Tab)\" href=\"http:\/\/wordpress.sbw1870.de\/?page_id=354#1998\" target=\"_blank\">1998 &#8211; Willi &amp; Edith Eickhoff<\/a><\/li>\n\n\n\n<li><a rel=\"noreferrer noopener\" aria-label=\"1997 - Albert &amp; Regina Haarhoff (\u00f6ffnet in neuem Tab)\" href=\"http:\/\/wordpress.sbw1870.de\/?page_id=354#1997\" target=\"_blank\">1997 &#8211; Albert &amp; Regina Haarhoff<\/a><\/li>\n\n\n\n<li><a rel=\"noreferrer noopener\" aria-label=\"1996 - Michael Jacobs &amp; Beate Eickhoff (\u00f6ffnet in neuem Tab)\" href=\"http:\/\/wordpress.sbw1870.de\/?page_id=354#1996\" target=\"_blank\">1996 &#8211; Michael Jacobs &amp; Beate Eickhoff<\/a><\/li>\n\n\n\n<li><a rel=\"noreferrer noopener\" aria-label=\"1995 - Matthias Ku\u00dfmann &amp; Stefanie Quente (\u00f6ffnet in neuem Tab)\" href=\"http:\/\/wordpress.sbw1870.de\/?page_id=354#1995\" target=\"_blank\">1995 &#8211; Matthias Ku\u00dfmann &amp; Stefanie Quente<\/a><\/li>\n\n\n\n<li><a rel=\"noreferrer noopener\" aria-label=\"1994 - Diethelm &amp; Erika Krampe (\u00f6ffnet in neuem Tab)\" href=\"http:\/\/wordpress.sbw1870.de\/?page_id=354#1994\" target=\"_blank\">1994 &#8211; Diethelm &amp; Erika Krampe<\/a><\/li>\n\n\n\n<li><a rel=\"noreferrer noopener\" aria-label=\"1993 - Norbert &amp; Roswitha Wiedenstridt (\u00f6ffnet in neuem Tab)\" href=\"http:\/\/wordpress.sbw1870.de\/?page_id=354#1993\" target=\"_blank\">1993 &#8211; Norbert &amp; Roswitha Wiedenstridt<\/a><\/li>\n\n\n\n<li><a rel=\"noreferrer noopener\" aria-label=\"1992 - Rainer Henke &amp; Christiane Fromme (\u00f6ffnet in neuem Tab)\" href=\"http:\/\/wordpress.sbw1870.de\/?page_id=354#1992\" target=\"_blank\">1992 &#8211; Rainer Henke &amp; Christiane Fromme<\/a><\/li>\n\n\n\n<li><a rel=\"noreferrer noopener\" aria-label=\"1991 - Berthold Beele &amp; Christiane Eickhoff (\u00f6ffnet in neuem Tab)\" href=\"http:\/\/wordpress.sbw1870.de\/?page_id=354#1991\" target=\"_blank\">1991 &#8211; Berthold Beele &amp; Christiane Eickhoff<\/a><\/li>\n\n\n\n<li><a rel=\"noreferrer noopener\" aria-label=\"1990 - Franz-Josef Weiken &amp; Irmgard Wienstr\u00f6er (\u00f6ffnet in neuem Tab)\" href=\"http:\/\/wordpress.sbw1870.de\/?page_id=354#1990\" target=\"_blank\">1990 &#8211; Franz-Josef Weiken &amp; Irmgard Wienstr\u00f6er<\/a><\/li>\n\n\n\n<li><a rel=\"noreferrer noopener\" aria-label=\"1989 - Dietmar Beele &amp; Viola Dauck (\u00f6ffnet in neuem Tab)\" href=\"http:\/\/wordpress.sbw1870.de\/?page_id=354#1989\" target=\"_blank\">1989 &#8211; Dietmar Beele &amp; Viola Dauck<\/a><\/li>\n\n\n\n<li><a rel=\"noreferrer noopener\" aria-label=\"1988 - Hubert &amp; Mathilde Pankoke (\u00f6ffnet in neuem Tab)\" href=\"http:\/\/wordpress.sbw1870.de\/?page_id=354#1988\" target=\"_blank\">1988 &#8211; Hubert &amp; Mathilde Pankoke<\/a><\/li>\n\n\n\n<li><a rel=\"noreferrer noopener\" aria-label=\"1987 - Reinhold &amp; Irmgard Beele (\u00f6ffnet in neuem Tab)\" href=\"http:\/\/wordpress.sbw1870.de\/?page_id=354#1987\" target=\"_blank\">1987 &#8211; Reinhold &amp; Irmgard Beele<\/a><\/li>\n\n\n\n<li><a rel=\"noreferrer noopener\" aria-label=\"1986 - Hubert &amp; Marita H\u00f6tte (\u00f6ffnet in neuem Tab)\" href=\"http:\/\/wordpress.sbw1870.de\/?page_id=354#1986\" target=\"_blank\">1986 &#8211; Hubert &amp; Marita H\u00f6tte<\/a><\/li>\n\n\n\n<li><a rel=\"noreferrer noopener\" aria-label=\"1985 - Heinz &amp; Anita Kramer (\u00f6ffnet in neuem Tab)\" href=\"http:\/\/wordpress.sbw1870.de\/?page_id=354#1985\" target=\"_blank\">1985 &#8211; Heinz &amp; Anita Kramer<\/a><\/li>\n\n\n\n<li><a rel=\"noreferrer noopener\" aria-label=\"1984 - Peter &amp; Annemarie Kemper (\u00f6ffnet in neuem Tab)\" href=\"http:\/\/wordpress.sbw1870.de\/?page_id=354#1984\" target=\"_blank\">1984 &#8211; Peter &amp; Annemarie Kemper<\/a><\/li>\n\n\n\n<li><a rel=\"noreferrer noopener\" aria-label=\"1983 - Burkard K\u00fchle &amp; Beate Schr\u00f6der (\u00f6ffnet in neuem Tab)\" href=\"http:\/\/wordpress.sbw1870.de\/?page_id=354#1983\" target=\"_blank\">1983 &#8211; Burkard K\u00fchle &amp; Beate Schr\u00f6der<\/a><\/li>\n\n\n\n<li><a rel=\"noreferrer noopener\" aria-label=\"1982 - G\u00fcnter &amp; Anne Ludwig (\u00f6ffnet in neuem Tab)\" href=\"http:\/\/wordpress.sbw1870.de\/?page_id=354#1982\" target=\"_blank\">1982 &#8211; G\u00fcnter &amp; Anne Ludwig<\/a><\/li>\n\n\n\n<li><a rel=\"noreferrer noopener\" aria-label=\"1981 - Eberhard &amp; Anni Cordes (\u00f6ffnet in neuem Tab)\" href=\"http:\/\/wordpress.sbw1870.de\/?page_id=354#1981\" target=\"_blank\">1981 &#8211; Eberhard &amp; Anni Cordes<\/a><\/li>\n\n\n\n<li><a rel=\"noreferrer noopener\" aria-label=\"1980 - Franz &amp; Birgitt Fromme (\u00f6ffnet in neuem Tab)\" href=\"http:\/\/wordpress.sbw1870.de\/?page_id=354#1980\" target=\"_blank\">1980 &#8211; Franz &amp; Birgitt Fromme<\/a><\/li>\n<\/ul>\n\n\n\n<h3 class=\"has-text-align-center\"><strong>1979 &#8211; 1960<\/strong><\/h3>\n\n\n\n<ul>\n<li><a rel=\"noreferrer noopener\" aria-label=\"1979 - Willi &amp; Barbara Schulte (\u00f6ffnet in neuem Tab)\" href=\"http:\/\/wordpress.sbw1870.de\/?page_id=436#1979\" target=\"_blank\">1979 &#8211; Willi &amp; Barbara Schulte<\/a><\/li>\n\n\n\n<li><a rel=\"noreferrer noopener\" aria-label=\"1978 - Franz &amp; Marianne K\u00f6ster (\u00f6ffnet in neuem Tab)\" href=\"http:\/\/wordpress.sbw1870.de\/?page_id=436#1978\" target=\"_blank\">1978 &#8211; Franz &amp; Marianne K\u00f6ster<\/a><\/li>\n\n\n\n<li><a rel=\"noreferrer noopener\" aria-label=\"1977 - Hugo &amp; Marita Kleeschulte (\u00f6ffnet in neuem Tab)\" href=\"http:\/\/wordpress.sbw1870.de\/?page_id=436#1977\" target=\"_blank\">1977 &#8211; Hugo &amp; Marita Kleeschulte<\/a><\/li>\n\n\n\n<li><a rel=\"noreferrer noopener\" aria-label=\"1976 - Klemens &amp; Monika Dalhoff (\u00f6ffnet in neuem Tab)\" href=\"http:\/\/wordpress.sbw1870.de\/?page_id=436#1976\" target=\"_blank\">1976 &#8211; Klemens &amp; Monika Dalhoff<\/a><\/li>\n\n\n\n<li><a rel=\"noreferrer noopener\" aria-label=\"1975 - Manfred &amp; Marlene Wommelsdorf (\u00f6ffnet in neuem Tab)\" href=\"http:\/\/wordpress.sbw1870.de\/?page_id=436#1975\" target=\"_blank\">1975 &#8211; Manfred &amp; Marlene Wommelsdorf<\/a><\/li>\n\n\n\n<li><a rel=\"noreferrer noopener\" aria-label=\"1974 - Anton &amp; Klara Henke (\u00f6ffnet in neuem Tab)\" href=\"http:\/\/wordpress.sbw1870.de\/?page_id=436#1974\" target=\"_blank\">1974 &#8211; Anton &amp; Klara Henke<\/a><\/li>\n\n\n\n<li><a rel=\"noreferrer noopener\" aria-label=\"1973 - Anton &amp; Johanna Ku\u00dfmann (\u00f6ffnet in neuem Tab)\" href=\"http:\/\/wordpress.sbw1870.de\/?page_id=436#1973\" target=\"_blank\">1973 &#8211; Anton &amp; Johanna Ku\u00dfmann<\/a><\/li>\n\n\n\n<li><a rel=\"noreferrer noopener\" aria-label=\"1972 - Albert Haarhoff &amp; Ursula Vonnahme (\u00f6ffnet in neuem Tab)\" href=\"http:\/\/wordpress.sbw1870.de\/?page_id=436#1972\" target=\"_blank\">1972 &#8211; Albert Haarhoff &amp; Ursula Vonnahme<\/a><\/li>\n\n\n\n<li><a rel=\"noreferrer noopener\" aria-label=\"1971 - Franz &amp; Agnes Henke (\u00f6ffnet in neuem Tab)\" href=\"http:\/\/wordpress.sbw1870.de\/?page_id=436#1971\" target=\"_blank\">1971 &#8211; Franz &amp; Agnes Henke<\/a><\/li>\n\n\n\n<li><a rel=\"noreferrer noopener\" aria-label=\"1970 - Ludwig &amp; Mechthild Arens (\u00f6ffnet in neuem Tab)\" href=\"http:\/\/wordpress.sbw1870.de\/?page_id=436#1970\" target=\"_blank\">1970 &#8211; Ludwig &amp; Mechthild Arens<\/a><\/li>\n\n\n\n<li><a rel=\"noreferrer noopener\" aria-label=\"1969 - Antonius Eickhoff &amp; Hildegard Haarhoff (\u00f6ffnet in neuem Tab)\" href=\"http:\/\/wordpress.sbw1870.de\/?page_id=436#1969\" target=\"_blank\">1969 &#8211; Antonius Eickhoff &amp; Hildegard Haarhoff<\/a><\/li>\n\n\n\n<li><a rel=\"noreferrer noopener\" aria-label=\"1968 - Kaspar &amp; Anna Eickhoff (\u00f6ffnet in neuem Tab)\" href=\"http:\/\/wordpress.sbw1870.de\/?page_id=436#1968\" target=\"_blank\">1968 &#8211; Kaspar &amp; Anna Eickhoff<\/a><\/li>\n\n\n\n<li><a rel=\"noreferrer noopener\" aria-label=\"1967 - Heinrich &amp; Gertrud J\u00e4ger (\u00f6ffnet in neuem Tab)\" href=\"http:\/\/wordpress.sbw1870.de\/?page_id=436#1967\" target=\"_blank\">1967 &#8211; Heinrich &amp; Gertrud J\u00e4ger<\/a><\/li>\n\n\n\n<li>1966 &#8211; Josef &amp; Klara Weiken<\/li>\n\n\n\n<li><a rel=\"noreferrer noopener\" aria-label=\"1965 - Alfred Cordes &amp; Julia Sch\u00e4fer (\u00f6ffnet in neuem Tab)\" href=\"http:\/\/wordpress.sbw1870.de\/?page_id=436#1965\" target=\"_blank\">1965 &#8211; Alfred Cordes &amp; Julia Sch\u00e4fer<\/a><\/li>\n\n\n\n<li><a rel=\"noreferrer noopener\" aria-label=\"1964 - Theo &amp; Maria Beele (\u00f6ffnet in neuem Tab)\" href=\"http:\/\/wordpress.sbw1870.de\/?page_id=436#1964\" target=\"_blank\">1964 &#8211; Theo &amp; Maria Beele<\/a><\/li>\n\n\n\n<li><a rel=\"noreferrer noopener\" aria-label=\"1963 - Reinhold Beele &amp; Erika Eickhoff (\u00f6ffnet in neuem Tab)\" href=\"http:\/\/wordpress.sbw1870.de\/?page_id=436#1963\" target=\"_blank\">1963 &#8211; Reinhold Beele &amp; Erika Eickhoff<\/a><\/li>\n\n\n\n<li><a rel=\"noreferrer noopener\" aria-label=\"1962 - Hubert &amp; Bernadine Pankoke (\u00f6ffnet in neuem Tab)\" href=\"http:\/\/wordpress.sbw1870.de\/?page_id=436#1962\" target=\"_blank\">1962 &#8211; Hubert &amp; Bernadine Pankoke<\/a><\/li>\n\n\n\n<li><a rel=\"noreferrer noopener\" aria-label=\"1961 - Heinrich &amp; Gertrud Kramer (\u00f6ffnet in neuem Tab)\" href=\"http:\/\/wordpress.sbw1870.de\/?page_id=436#1961\" target=\"_blank\">1961 &#8211; Heinrich &amp; Gertrud Kramer<\/a><\/li>\n\n\n\n<li><a rel=\"noreferrer noopener\" aria-label=\"1960 - Walter Schulz &amp; Anneliese Sch\u00e4fer (\u00f6ffnet in neuem Tab)\" href=\"http:\/\/wordpress.sbw1870.de\/?page_id=436#1960\" target=\"_blank\">1960 &#8211; Walter Schulz &amp; Anneliese Sch\u00e4fer<\/a><\/li>\n<\/ul>\n\n\n\n<h3 class=\"has-text-align-center\"><strong>1959 &#8211; 1925<\/strong><\/h3>\n\n\n\n<ul>\n<li><a rel=\"noreferrer noopener\" aria-label=\"1959 - Hubert &amp; Anni H\u00f6tte (\u00f6ffnet in neuem Tab)\" href=\"http:\/\/wordpress.sbw1870.de\/?page_id=495#1959\" target=\"_blank\">1959 &#8211; Hubert &amp; Anni H\u00f6tte<\/a><\/li>\n\n\n\n<li><a rel=\"noreferrer noopener\" aria-label=\"1958 - Walter Eickhoff &amp; Irmgard Dalhoff (\u00f6ffnet in neuem Tab)\" href=\"http:\/\/wordpress.sbw1870.de\/?page_id=495#1958\" target=\"_blank\">1958 &#8211; Walter Eickhoff &amp; Irmgard Dalhoff<\/a><\/li>\n\n\n\n<li><a rel=\"noreferrer noopener\" aria-label=\"1957 - Willi &amp; Elli Sprenger (\u00f6ffnet in neuem Tab)\" href=\"http:\/\/wordpress.sbw1870.de\/?page_id=495#1957\" target=\"_blank\">1957 &#8211; Willi &amp; Elli Sprenger<\/a><\/li>\n\n\n\n<li><a rel=\"noreferrer noopener\" aria-label=\"1956 - Josef Eickhoff &amp; Brigitte Ge\u00dfinger (\u00f6ffnet in neuem Tab)\" href=\"http:\/\/wordpress.sbw1870.de\/?page_id=495#1956\" target=\"_blank\">1956 &#8211; Josef Eickhoff &amp; Brigitte Ge\u00dfinger<\/a><\/li>\n\n\n\n<li><a rel=\"noreferrer noopener\" aria-label=\"1955 - Alfred K\u00fchle &amp; Elisabeth Heiming (\u00f6ffnet in neuem Tab)\" href=\"http:\/\/wordpress.sbw1870.de\/?page_id=495#1955\" target=\"_blank\">1955 &#8211; Alfred K\u00fchle &amp; Elisabeth Heiming<\/a><\/li>\n\n\n\n<li><a rel=\"noreferrer noopener\" aria-label=\"1954 - Karl Haarhoff &amp; Johanna Koers (\u00f6ffnet in neuem Tab)\" href=\"http:\/\/wordpress.sbw1870.de\/?page_id=495#1954\" target=\"_blank\">1954 &#8211; Karl Haarhoff &amp; Johanna Koers<\/a><\/li>\n\n\n\n<li>1953 &#8211; Josef &amp; Maria Hermannschulte<\/li>\n\n\n\n<li><a rel=\"noreferrer noopener\" aria-label=\"1952 - Paul &amp; Maria Schl\u00fcter (\u00f6ffnet in neuem Tab)\" href=\"http:\/\/wordpress.sbw1870.de\/?page_id=495#1952\" target=\"_blank\">1952 &#8211; Paul &amp; Maria Schl\u00fcter<\/a><\/li>\n\n\n\n<li><a rel=\"noreferrer noopener\" aria-label=\"1951 - Anton Gosmann &amp; Gertrud Brock (\u00f6ffnet in neuem Tab)\" href=\"http:\/\/wordpress.sbw1870.de\/?page_id=495#1951\" target=\"_blank\">1951 &#8211; Anton Gosmann &amp; Gertrud Brock<\/a><\/li>\n\n\n\n<li>1950 &#8211; August &amp; Anni K\u00fchle<\/li>\n\n\n\n<li><a href=\"http:\/\/wordpress.sbw1870.de\/?page_id=495#1949\" target=\"_blank\" rel=\"noreferrer noopener\" aria-label=\"1949 - Karl Schirk &amp; Karola K\u00fchle (\u00f6ffnet in neuem Tab)\">1949 &#8211; Karl Schirk &amp; Karola K\u00fchle<\/a><\/li>\n\n\n\n<li>1948 &#8211; Karl Gosmann &amp; Kl\u00e4rchen Kramer<\/li>\n\n\n\n<li>1947 &#8211; Franz Haarhoff &amp; Anna Schulte<\/li>\n<\/ul>\n\n\n\n<ul>\n<li>1939 &#8211; Franz Beele &amp; Josefa Weiken<\/li>\n\n\n\n<li>1938 &#8211; Berhard Loer &amp; Ida Gurris<\/li>\n\n\n\n<li>1937 &#8211; Franz Vonnahme &amp; Anna Koers<\/li>\n\n\n\n<li>1936 &#8211; Josef Gurris &amp; Toni Loer<\/li>\n\n\n\n<li>1935 &#8211; Fritz K\u00fchle &amp; Else Mitrop<\/li>\n\n\n\n<li>1934 &#8211; August Arens &amp; Frieda Berghoff<\/li>\n\n\n\n<li>1933 &#8211; Josef Eickhoff &amp; Maria Kl\u00f6er<\/li>\n\n\n\n<li>1931 &#8211; Kasper Koers &amp; Maria K\u00fchle-Hermannschulte<\/li>\n\n\n\n<li>1930 &#8211; Heinrich Gosmann &amp; Maria Beele<\/li>\n\n\n\n<li>1929 &#8211; Kasper Berghoff &amp; Gertrud Reinhold<\/li>\n\n\n\n<li>1928 &#8211; Kasper Eickhoff &amp; Sophia Hermannschulte<\/li>\n\n\n\n<li>1927 &#8211; Franz &amp; Franziska H\u00f6tte<\/li>\n\n\n\n<li>1926 &#8211; Josef Eickhoff &amp; Frl. Wulf<\/li>\n\n\n\n<li>1925 &#8211; Heiner Trompeter &amp; Franziska Linkamp<\/li>\n<\/ul>\n\n\n\n<h3 class=\"has-text-align-center\"><strong>vor 1925<\/strong><br><\/h3>\n\n\n\n<p class=\"has-text-align-center\">(soweit bekannt)<\/p>\n\n\n\n<ul>\n<li>1922 &#8211; Theo B\u00fccker &amp; Franziska Eickhoff<\/li>\n\n\n\n<li>1921 &#8211; Fritz &amp; Maria Gr\u00f6blinghoff<\/li>\n\n\n\n<li>1920  &#8211; Caspar Eickhoff<\/li>\n\n\n\n<li>1912 &#8211; Caspar Cramer<\/li>\n\n\n\n<li>1911 &#8211; Ludwig H\u00f6tte<\/li>\n\n\n\n<li>1910 &#8211; Josef Mittrop<\/li>\n\n\n\n<li>1909 &#8211; Caspar Schulte<\/li>\n\n\n\n<li>1907 &#8211; Clemens Cordes<\/li>\n\n\n\n<li>1906 &#8211; Wilhelm Sprenger<\/li>\n\n\n\n<li>1905 &#8211; Wilhelm Berghoff<\/li>\n\n\n\n<li>1904 &#8211; Pfilipp Berghoff<\/li>\n\n\n\n<li>1903 &#8211; Caspar Berghoff<\/li>\n<\/ul>\n\n\n\n<p><\/p>\n\n\n\n<p><\/p>\n\n\n\n<figure class=\"wp-block-image\"><img alt=\"\"\/><\/figure>\n","protected":false},"excerpt":{"rendered":"<p>2024 &#8211; 2020 2019 &#8211; 2000 1999 &#8211; 1980 1979 &#8211; 1960 1959 &#8211; 1925 vor 1925 (soweit bekannt)<\/p>\n","protected":false},"author":1,"featured_media":0,"parent":0,"menu_order":0,"comment_status":"closed","ping_status":"closed","template":"","meta":[],"_links":{"self":[{"href":"https:\/\/wordpress.sbw1870.de\/index.php?rest_route=\/wp\/v2\/pages\/20"}],"collection":[{"href":"https:\/\/wordpress.sbw1870.de\/index.php?rest_route=\/wp\/v2\/pages"}],"about":[{"href":"https:\/\/wordpress.sbw1870.de\/index.php?rest_route=\/wp\/v2\/types\/page"}],"author":[{"embeddable":true,"href":"https:\/\/wordpress.sbw1870.de\/index.php?rest_route=\/wp\/v2\/users\/1"}],"replies":[{"embeddable":true,"href":"https:\/\/wordpress.sbw1870.de\/index.php?rest_route=%2Fwp%2Fv2%2Fcomments&post=20"}],"version-history":[{"count":48,"href":"https:\/\/wordpress.sbw1870.de\/index.php?rest_route=\/wp\/v2\/pages\/20\/revisions"}],"predecessor-version":[{"id":1195,"href":"https:\/\/wordpress.sbw1870.de\/index.php?rest_route=\/wp\/v2\/pages\/20\/revisions\/1195"}],"wp:attachment":[{"href":"https:\/\/wordpress.sbw1870.de\/index.php?rest_route=%2Fwp%2Fv2%2Fmedia&parent=20"}],"curies":[{"name":"wp","href":"https:\/\/api.w.org\/{rel}","templated":true}]}}