{"id":495,"date":"2019-03-28T11:00:33","date_gmt":"2019-03-28T11:00:33","guid":{"rendered":"http:\/\/wordpress.sbw1870.de\/?page_id=495"},"modified":"2019-03-28T18:43:23","modified_gmt":"2019-03-28T18:43:23","slug":"koenigspaare-1925-1959","status":"publish","type":"page","link":"https:\/\/wordpress.sbw1870.de\/?page_id=495","title":{"rendered":"K\u00f6nigspaare 1925 &#8211; 1959"},"content":{"rendered":"\n<h3 style=\"text-align:center\" id=\"1959\"><br>1959 <br>Hubert &amp; Anni H\u00f6tte<\/h3>\n\n\n\n<div class=\"wp-block-image\"><figure class=\"aligncenter is-resized\"><img decoding=\"async\" loading=\"lazy\" src=\"http:\/\/wordpress.sbw1870.de\/wp-content\/uploads\/2019\/03\/hoettes-1.jpg\" alt=\"\" class=\"wp-image-499\" width=\"430\" height=\"878\"\/><\/figure><\/div>\n\n\n\n<h3 style=\"text-align:center\" id=\"1958\"><br>1958<br>Walter Eickhoff &amp; Irmgard Dalhoff<\/h3>\n\n\n\n<div class=\"wp-block-image\"><figure class=\"aligncenter is-resized\"><img decoding=\"async\" loading=\"lazy\" src=\"http:\/\/wordpress.sbw1870.de\/wp-content\/uploads\/2019\/03\/eickhoffw-1.jpg\" alt=\"\" class=\"wp-image-500\" width=\"430\" height=\"878\"\/><\/figure><\/div>\n\n\n\n<h3 style=\"text-align:center\" id=\"1957\"><br>1957<br>Willi &amp; Elli Sprenger<br><\/h3>\n\n\n\n<div class=\"wp-block-image\"><figure class=\"aligncenter is-resized\"><img decoding=\"async\" loading=\"lazy\" src=\"http:\/\/wordpress.sbw1870.de\/wp-content\/uploads\/2019\/03\/sprenger-1.jpg\" alt=\"\" class=\"wp-image-501\" width=\"430\" height=\"878\"\/><\/figure><\/div>\n\n\n\n<h3 style=\"text-align:center\" id=\"1956\"><br>1956<br>Josef Eickhoff &amp; Brigitte Ge\u00dfinger<\/h3>\n\n\n\n<div class=\"wp-block-image\"><figure class=\"aligncenter is-resized\"><img decoding=\"async\" loading=\"lazy\" src=\"http:\/\/wordpress.sbw1870.de\/wp-content\/uploads\/2019\/03\/eickhoffj-1.jpg\" alt=\"\" class=\"wp-image-502\" width=\"430\" height=\"878\"\/><\/figure><\/div>\n\n\n\n<h3 style=\"text-align:center\" id=\"1955\"><br>1955<br>Alfred K\u00fchle &amp; Elisabeth Heiming<br><\/h3>\n\n\n\n<div class=\"wp-block-image\"><figure class=\"aligncenter is-resized\"><img decoding=\"async\" loading=\"lazy\" src=\"http:\/\/wordpress.sbw1870.de\/wp-content\/uploads\/2019\/03\/kuehlea-1.jpg\" alt=\"\" class=\"wp-image-503\" width=\"430\" height=\"878\"\/><\/figure><\/div>\n\n\n\n<h3 style=\"text-align:center\" id=\"1954\"><br>1954<br>Karl Haarhoff &amp; Johanna Koers<br><\/h3>\n\n\n\n<div class=\"wp-block-image\"><figure class=\"aligncenter is-resized\"><img decoding=\"async\" loading=\"lazy\" src=\"http:\/\/wordpress.sbw1870.de\/wp-content\/uploads\/2019\/03\/haarhoffk-1.jpg\" alt=\"\" class=\"wp-image-504\" width=\"430\" height=\"878\"\/><\/figure><\/div>\n\n\n\n<h3 style=\"text-align:center\" id=\"1952\"><br>1952<br>Paul &amp; Maria Schl\u00fcter <br><\/h3>\n\n\n\n<div class=\"wp-block-image\"><figure class=\"aligncenter is-resized\"><img decoding=\"async\" loading=\"lazy\" src=\"http:\/\/wordpress.sbw1870.de\/wp-content\/uploads\/2019\/03\/schlueter-1.jpg\" alt=\"\" class=\"wp-image-505\" width=\"430\" height=\"878\"\/><\/figure><\/div>\n\n\n\n<h3 style=\"text-align:center\" id=\"1951\"><br>1951<br>Anton Gosmann &amp; Gertrud Brock <br><\/h3>\n\n\n\n<div class=\"wp-block-image\"><figure class=\"aligncenter is-resized\"><img decoding=\"async\" loading=\"lazy\" src=\"http:\/\/wordpress.sbw1870.de\/wp-content\/uploads\/2019\/03\/gosmann-1.jpg\" alt=\"\" class=\"wp-image-506\" width=\"430\" height=\"878\"\/><\/figure><\/div>\n\n\n\n<h3 style=\"text-align:center\" id=\"1949\"><br>1949<br>Karl Schirk &amp; Karola K\u00fchle <br><\/h3>\n\n\n\n<div class=\"wp-block-image\"><figure class=\"aligncenter is-resized\"><img decoding=\"async\" loading=\"lazy\" src=\"http:\/\/wordpress.sbw1870.de\/wp-content\/uploads\/2019\/03\/schirk-1.jpg\" alt=\"\" class=\"wp-image-507\" width=\"430\" height=\"878\"\/><\/figure><\/div>\n\n\n\n<h3 style=\"text-align:center\" id=\"1938\"><br>1938<br>Bernhard Loer &amp; Ida Gurris <br><\/h3>\n\n\n\n<div class=\"wp-block-image\"><figure class=\"aligncenter is-resized\"><img decoding=\"async\" loading=\"lazy\" src=\"http:\/\/wordpress.sbw1870.de\/wp-content\/uploads\/2019\/03\/loer-1.jpg\" alt=\"\" class=\"wp-image-508\" width=\"430\" height=\"878\"\/><\/figure><\/div>\n\n\n\n<p><\/p>\n","protected":false},"excerpt":{"rendered":"<p>1959 Hubert &amp; Anni H\u00f6tte 1958Walter Eickhoff &amp; Irmgard Dalhoff 1957Willi &amp; Elli Sprenger 1956Josef Eickhoff &amp; Brigitte Ge\u00dfinger 1955Alfred K\u00fchle &amp; Elisabeth Heiming 1954Karl Haarhoff &amp; Johanna Koers 1952Paul &amp; Maria Schl\u00fcter 1951Anton Gosmann &amp; Gertrud Brock 1949Karl Schirk &hellip; <a href=\"https:\/\/wordpress.sbw1870.de\/?page_id=495\">Weiterlesen <span class=\"meta-nav\">&rarr;<\/span><\/a><\/p>\n","protected":false},"author":1,"featured_media":0,"parent":0,"menu_order":0,"comment_status":"closed","ping_status":"closed","template":"","meta":[],"_links":{"self":[{"href":"https:\/\/wordpress.sbw1870.de\/index.php?rest_route=\/wp\/v2\/pages\/495"}],"collection":[{"href":"https:\/\/wordpress.sbw1870.de\/index.php?rest_route=\/wp\/v2\/pages"}],"about":[{"href":"https:\/\/wordpress.sbw1870.de\/index.php?rest_route=\/wp\/v2\/types\/page"}],"author":[{"embeddable":true,"href":"https:\/\/wordpress.sbw1870.de\/index.php?rest_route=\/wp\/v2\/users\/1"}],"replies":[{"embeddable":true,"href":"https:\/\/wordpress.sbw1870.de\/index.php?rest_route=%2Fwp%2Fv2%2Fcomments&post=495"}],"version-history":[{"count":5,"href":"https:\/\/wordpress.sbw1870.de\/index.php?rest_route=\/wp\/v2\/pages\/495\/revisions"}],"predecessor-version":[{"id":514,"href":"https:\/\/wordpress.sbw1870.de\/index.php?rest_route=\/wp\/v2\/pages\/495\/revisions\/514"}],"wp:attachment":[{"href":"https:\/\/wordpress.sbw1870.de\/index.php?rest_route=%2Fwp%2Fv2%2Fmedia&parent=495"}],"curies":[{"name":"wp","href":"https:\/\/api.w.org\/{rel}","templated":true}]}}