{"id":840,"date":"2021-05-24T11:52:13","date_gmt":"2021-05-24T11:52:13","guid":{"rendered":"https:\/\/wordpress.sbw1870.de\/?page_id=840"},"modified":"2021-05-24T12:22:06","modified_gmt":"2021-05-24T12:22:06","slug":"newsletter","status":"publish","type":"page","link":"https:\/\/wordpress.sbw1870.de\/?page_id=840","title":{"rendered":"Newsletter"},"content":{"rendered":"\n<p><strong>Ab sofort k\u00f6nnt ihr Euch f\u00fcr unseren Newsletter anmelden. <br>Nat\u00fcrlich braucht ihr kein Mitglied in unserer Sch\u00fctzenbruderschaft sein.<\/strong><\/p>\n\n\n\n<p><\/p>\n\n\n\n<div class=\"wp-block-contact-form-7-contact-form-selector\">\n<div class=\"wpcf7 no-js\" id=\"wpcf7-f839-o1\" lang=\"de-DE\" dir=\"ltr\">\n<div class=\"screen-reader-response\"><p role=\"status\" aria-live=\"polite\" aria-atomic=\"true\"><\/p> <ul><\/ul><\/div>\n<form action=\"\/index.php?rest_route=%2Fwp%2Fv2%2Fpages%2F840#wpcf7-f839-o1\" method=\"post\" class=\"wpcf7-form init wpcf7-acceptance-as-validation\" aria-label=\"Kontaktformular\" novalidate=\"novalidate\" data-status=\"init\">\n<div style=\"display: none;\">\n<input type=\"hidden\" name=\"_wpcf7\" value=\"839\" \/>\n<input type=\"hidden\" name=\"_wpcf7_version\" value=\"5.7.4\" \/>\n<input type=\"hidden\" name=\"_wpcf7_locale\" value=\"de_DE\" \/>\n<input type=\"hidden\" name=\"_wpcf7_unit_tag\" value=\"wpcf7-f839-o1\" \/>\n<input type=\"hidden\" name=\"_wpcf7_container_post\" value=\"0\" \/>\n<input type=\"hidden\" name=\"_wpcf7_posted_data_hash\" value=\"\" \/>\n<input type=\"hidden\" name=\"_wpcf7_recaptcha_response\" value=\"\" \/>\n<\/div>\n<p><span style=\"font-size: 18px;\">Bitte f\u00fclle das Formular vollst\u00e4ndig aus.<\/span><br \/>\n<br \/>\n<span class=\"wpcf7-form-control-wrap\" data-name=\"your-name\"><input size=\"40\" class=\"wpcf7-form-control wpcf7-text wpcf7-validates-as-required\" aria-required=\"true\" aria-invalid=\"false\" placeholder=\"Name, Vorname (Pflichtfeld)\" value=\"\" type=\"text\" name=\"your-name\" \/><\/span>\n<\/p>\n<p><span class=\"wpcf7-form-control-wrap\" data-name=\"your-email\"><input size=\"40\" class=\"wpcf7-form-control wpcf7-text wpcf7-email wpcf7-validates-as-required wpcf7-validates-as-email\" aria-required=\"true\" aria-invalid=\"false\" placeholder=\"Deine E-Mail (Pflichtfeld)\" value=\"\" type=\"email\" name=\"your-email\" \/><\/span>\n<\/p>\n<p><span class=\"wpcf7-form-control-wrap\" data-name=\"your-phone\"><input size=\"40\" class=\"wpcf7-form-control wpcf7-text\" aria-invalid=\"false\" placeholder=\"DeineTelefonnummer\" value=\"\" type=\"text\" name=\"your-phone\" \/><\/span>\n<\/p>\n<p><span class=\"wpcf7-form-control-wrap\" data-name=\"checkbox-428\"><span class=\"wpcf7-form-control wpcf7-checkbox wpcf7-validates-as-required wpcf7-exclusive-checkbox\"><span class=\"wpcf7-list-item first\"><label><input type=\"checkbox\" name=\"checkbox-428\" value=\"Hiermit abonniere ich den Newsletter der Sch\u00fctzenbruderschaft St. Antonius Waldhausen 1870 e.V.\" \/><span class=\"wpcf7-list-item-label\">Hiermit abonniere ich den Newsletter der Sch\u00fctzenbruderschaft St. Antonius Waldhausen 1870 e.V.<\/span><\/label><\/span><span class=\"wpcf7-list-item last\"><label><input type=\"checkbox\" name=\"checkbox-428\" value=\"Hiermit melde ich mich vom Newsletter der Sch\u00fctzenbruderschaft St. Antonius Waldhausen 1870 e.V. ab.\" \/><span class=\"wpcf7-list-item-label\">Hiermit melde ich mich vom Newsletter der Sch\u00fctzenbruderschaft St. Antonius Waldhausen 1870 e.V. ab.<\/span><\/label><\/span><\/span><\/span>\n<\/p>\n<p><span class=\"wpcf7-form-control-wrap\" data-name=\"checkbox-594\"><span class=\"wpcf7-form-control wpcf7-checkbox\"><span class=\"wpcf7-list-item first last\"><label><input type=\"checkbox\" name=\"checkbox-594[]\" value=\"Ich bin Mitglied in der Sch\u00fctzenbruderschaft St. Antonius Waldhausen 1870 e.V.\" \/><span class=\"wpcf7-list-item-label\">Ich bin Mitglied in der Sch\u00fctzenbruderschaft St. Antonius Waldhausen 1870 e.V.<\/span><\/label><\/span><\/span><\/span>\n<\/p>\n<div class=\"wpcf7-response-output\" aria-hidden=\"true\"><\/div>\n<p><span class=\"wpcf7-form-control-wrap\" data-name=\"zustimmung\"><span class=\"wpcf7-form-control wpcf7-acceptance\"><span class=\"wpcf7-list-item\"><label><input type=\"checkbox\" name=\"zustimmung\" value=\"1\" aria-invalid=\"false\" \/><span class=\"wpcf7-list-item-label\">Ich habe die <a href=\"\/?page_id=159\/\">Datenschutzerkl\u00e4rung<\/a> zur Kenntnis genommen und akzeptiert.\nIch stimme zu, dass meine Formularangaben zur Kontaktaufnahme bzw. zur Bearbeitung meines Anliegens gespeichert werden.<\/span><\/label><\/span><\/span><\/span>\n<\/p>\n<p><input class=\"wpcf7-form-control has-spinner wpcf7-submit\" type=\"submit\" value=\"Senden\" \/>\n<\/p>\n<\/form>\n<\/div>\n<\/div>\n\n\n\n<p><\/p>\n","protected":false},"excerpt":{"rendered":"<p>Ab sofort k\u00f6nnt ihr Euch f\u00fcr unseren Newsletter anmelden. Nat\u00fcrlich braucht ihr kein Mitglied in unserer Sch\u00fctzenbruderschaft sein.<\/p>\n","protected":false},"author":1,"featured_media":0,"parent":0,"menu_order":0,"comment_status":"closed","ping_status":"closed","template":"","meta":[],"_links":{"self":[{"href":"https:\/\/wordpress.sbw1870.de\/index.php?rest_route=\/wp\/v2\/pages\/840"}],"collection":[{"href":"https:\/\/wordpress.sbw1870.de\/index.php?rest_route=\/wp\/v2\/pages"}],"about":[{"href":"https:\/\/wordpress.sbw1870.de\/index.php?rest_route=\/wp\/v2\/types\/page"}],"author":[{"embeddable":true,"href":"https:\/\/wordpress.sbw1870.de\/index.php?rest_route=\/wp\/v2\/users\/1"}],"replies":[{"embeddable":true,"href":"https:\/\/wordpress.sbw1870.de\/index.php?rest_route=%2Fwp%2Fv2%2Fcomments&post=840"}],"version-history":[{"count":6,"href":"https:\/\/wordpress.sbw1870.de\/index.php?rest_route=\/wp\/v2\/pages\/840\/revisions"}],"predecessor-version":[{"id":846,"href":"https:\/\/wordpress.sbw1870.de\/index.php?rest_route=\/wp\/v2\/pages\/840\/revisions\/846"}],"wp:attachment":[{"href":"https:\/\/wordpress.sbw1870.de\/index.php?rest_route=%2Fwp%2Fv2%2Fmedia&parent=840"}],"curies":[{"name":"wp","href":"https:\/\/api.w.org\/{rel}","templated":true}]}}