{"id":921,"date":"2022-04-15T04:24:26","date_gmt":"2022-04-15T04:24:26","guid":{"rendered":"https:\/\/wordpress.sbw1870.de\/?page_id=921"},"modified":"2025-06-07T08:53:21","modified_gmt":"2025-06-07T08:53:21","slug":"koenigspaare-2021-2020","status":"publish","type":"page","link":"https:\/\/wordpress.sbw1870.de\/?page_id=921","title":{"rendered":"K\u00f6nigspaare 2025 bis 2020"},"content":{"rendered":"\n<p><\/p>\n\n\n\n<h2 class=\"has-text-align-center\">2025<br>Erik Henke und Jana Gumbinger<\/h2>\n\n\n<div class=\"wp-block-image\">\n<figure class=\"aligncenter size-large is-resized\"><img decoding=\"async\" loading=\"lazy\" src=\"https:\/\/wordpress.sbw1870.de\/wp-content\/uploads\/2025\/06\/1000037130-684x1024.jpg\" alt=\"\" class=\"wp-image-1190\" width=\"513\" height=\"768\" srcset=\"https:\/\/wordpress.sbw1870.de\/wp-content\/uploads\/2025\/06\/1000037130-684x1024.jpg 684w, https:\/\/wordpress.sbw1870.de\/wp-content\/uploads\/2025\/06\/1000037130-201x300.jpg 201w, https:\/\/wordpress.sbw1870.de\/wp-content\/uploads\/2025\/06\/1000037130-768x1149.jpg 768w, https:\/\/wordpress.sbw1870.de\/wp-content\/uploads\/2025\/06\/1000037130-1027x1536.jpg 1027w, https:\/\/wordpress.sbw1870.de\/wp-content\/uploads\/2025\/06\/1000037130-1369x2048.jpg 1369w, https:\/\/wordpress.sbw1870.de\/wp-content\/uploads\/2025\/06\/1000037130-scaled.jpg 1711w\" sizes=\"(max-width: 513px) 100vw, 513px\" \/><\/figure><\/div>\n\n\n<p><\/p>\n\n\n\n<h2 class=\"has-text-align-center\">2024<br>Andre und Laura Engelhardt<\/h2>\n\n\n<div class=\"wp-block-image\">\n<figure class=\"aligncenter size-large is-resized\" id=\"2024\"><img decoding=\"async\" loading=\"lazy\" src=\"https:\/\/wordpress.sbw1870.de\/wp-content\/uploads\/2024\/05\/Unbenannt-688x1024.png\" alt=\"\" class=\"wp-image-1104\" width=\"516\" height=\"768\" srcset=\"https:\/\/wordpress.sbw1870.de\/wp-content\/uploads\/2024\/05\/Unbenannt-688x1024.png 688w, https:\/\/wordpress.sbw1870.de\/wp-content\/uploads\/2024\/05\/Unbenannt-202x300.png 202w, https:\/\/wordpress.sbw1870.de\/wp-content\/uploads\/2024\/05\/Unbenannt.png 719w\" sizes=\"(max-width: 516px) 100vw, 516px\" \/><\/figure><\/div>\n\n\n<p><\/p>\n\n\n\n<h2 class=\"has-text-align-center\">2023<br>Jan Henke und Gina Gumbinger<\/h2>\n\n\n<div class=\"wp-block-image is-style-default\">\n<figure class=\"aligncenter size-large is-resized\" id=\"2023\"><img decoding=\"async\" loading=\"lazy\" src=\"https:\/\/wordpress.sbw1870.de\/wp-content\/uploads\/2023\/06\/Koenigspaar-2023-1-684x1024.jpg\" alt=\"\" class=\"wp-image-1038\" width=\"513\" height=\"768\" srcset=\"https:\/\/wordpress.sbw1870.de\/wp-content\/uploads\/2023\/06\/Koenigspaar-2023-1-684x1024.jpg 684w, https:\/\/wordpress.sbw1870.de\/wp-content\/uploads\/2023\/06\/Koenigspaar-2023-1-201x300.jpg 201w, https:\/\/wordpress.sbw1870.de\/wp-content\/uploads\/2023\/06\/Koenigspaar-2023-1-768x1149.jpg 768w, https:\/\/wordpress.sbw1870.de\/wp-content\/uploads\/2023\/06\/Koenigspaar-2023-1-1027x1536.jpg 1027w, https:\/\/wordpress.sbw1870.de\/wp-content\/uploads\/2023\/06\/Koenigspaar-2023-1-1369x2048.jpg 1369w, https:\/\/wordpress.sbw1870.de\/wp-content\/uploads\/2023\/06\/Koenigspaar-2023-1-scaled.jpg 1711w\" sizes=\"(max-width: 513px) 100vw, 513px\" \/><\/figure><\/div>\n\n\n<p><\/p>\n\n\n\n<h2 class=\"has-text-align-center\" id=\"2022\">2022<br>Sven und Martina Bret\u00b4l<\/h2>\n\n\n<div class=\"wp-block-image\">\n<figure class=\"aligncenter is-resized\" id=\"2022\"><img decoding=\"async\" loading=\"lazy\" src=\"https:\/\/wordpress.sbw1870.de\/wp-content\/uploads\/2022\/06\/IMG-20220529-WA0005-768x1024.jpg\" alt=\"\" width=\"576\" height=\"768\"\/><\/figure><\/div>\n\n\n<p><\/p>\n\n\n\n<p><\/p>\n\n\n\n<h2 class=\"has-text-align-center\" id=\"2021\">2021 &#8211; Jubil\u00e4um<br>Kaiserpaar<br>Stefan Wiedenstridt und Ina J\u00e4ker-Kl\u00f6er<\/h2>\n\n\n<div class=\"wp-block-image is-style-default\">\n<figure class=\"aligncenter size-large is-resized\" id=\"2021\"><img decoding=\"async\" loading=\"lazy\" src=\"https:\/\/wordpress.sbw1870.de\/wp-content\/uploads\/2022\/06\/Kaiser-819x1024.jpg\" alt=\"\" class=\"wp-image-945\" width=\"614\" height=\"768\" srcset=\"https:\/\/wordpress.sbw1870.de\/wp-content\/uploads\/2022\/06\/Kaiser-819x1024.jpg 819w, https:\/\/wordpress.sbw1870.de\/wp-content\/uploads\/2022\/06\/Kaiser-240x300.jpg 240w, https:\/\/wordpress.sbw1870.de\/wp-content\/uploads\/2022\/06\/Kaiser-768x960.jpg 768w, https:\/\/wordpress.sbw1870.de\/wp-content\/uploads\/2022\/06\/Kaiser-1229x1536.jpg 1229w, https:\/\/wordpress.sbw1870.de\/wp-content\/uploads\/2022\/06\/Kaiser.jpg 1525w\" sizes=\"(max-width: 614px) 100vw, 614px\" \/><\/figure><\/div>\n\n\n<p><\/p>\n\n\n\n<h2 class=\"has-text-align-center\">2021<br>Aufgrund der Covid-19-Pandemie wurde das Sch\u00fctzenfest abgesagt.<\/h2>\n\n\n\n<p><\/p>\n\n\n\n<p><\/p>\n\n\n\n<h2 class=\"has-text-align-center\">2020<br>Aufgrund der Covid-19-Pandemie wurde das Sch\u00fctzenfest abgesagt.<\/h2>\n\n\n\n<p><\/p>\n","protected":false},"excerpt":{"rendered":"<p>2025Erik Henke und Jana Gumbinger 2024Andre und Laura Engelhardt 2023Jan Henke und Gina Gumbinger 2022Sven und Martina Bret\u00b4l 2021 &#8211; Jubil\u00e4umKaiserpaarStefan Wiedenstridt und Ina J\u00e4ker-Kl\u00f6er 2021Aufgrund der Covid-19-Pandemie wurde das Sch\u00fctzenfest abgesagt. 2020Aufgrund der Covid-19-Pandemie wurde das Sch\u00fctzenfest abgesagt.<\/p>\n","protected":false},"author":1,"featured_media":0,"parent":0,"menu_order":0,"comment_status":"closed","ping_status":"closed","template":"","meta":[],"_links":{"self":[{"href":"https:\/\/wordpress.sbw1870.de\/index.php?rest_route=\/wp\/v2\/pages\/921"}],"collection":[{"href":"https:\/\/wordpress.sbw1870.de\/index.php?rest_route=\/wp\/v2\/pages"}],"about":[{"href":"https:\/\/wordpress.sbw1870.de\/index.php?rest_route=\/wp\/v2\/types\/page"}],"author":[{"embeddable":true,"href":"https:\/\/wordpress.sbw1870.de\/index.php?rest_route=\/wp\/v2\/users\/1"}],"replies":[{"embeddable":true,"href":"https:\/\/wordpress.sbw1870.de\/index.php?rest_route=%2Fwp%2Fv2%2Fcomments&post=921"}],"version-history":[{"count":21,"href":"https:\/\/wordpress.sbw1870.de\/index.php?rest_route=\/wp\/v2\/pages\/921\/revisions"}],"predecessor-version":[{"id":1191,"href":"https:\/\/wordpress.sbw1870.de\/index.php?rest_route=\/wp\/v2\/pages\/921\/revisions\/1191"}],"wp:attachment":[{"href":"https:\/\/wordpress.sbw1870.de\/index.php?rest_route=%2Fwp%2Fv2%2Fmedia&parent=921"}],"curies":[{"name":"wp","href":"https:\/\/api.w.org\/{rel}","templated":true}]}}