{"id":93,"date":"2019-03-18T08:19:55","date_gmt":"2019-03-18T08:19:55","guid":{"rendered":"http:\/\/wordpress.sbw1870.de\/?page_id=93"},"modified":"2019-07-02T14:46:20","modified_gmt":"2019-07-02T14:46:20","slug":"2000-2019","status":"publish","type":"page","link":"https:\/\/wordpress.sbw1870.de\/?page_id=93","title":{"rendered":"K\u00f6nigspaare 2000 bis 2019"},"content":{"rendered":"\n<h2 style=\"text-align:center\" id=\"2019\"> <br>2019<br>Martin Beele &amp; Beate Eickhoff <\/h2>\n\n\n\n<div class=\"wp-block-image\"><figure class=\"aligncenter is-resized\"><img decoding=\"async\" loading=\"lazy\" src=\"http:\/\/wordpress.sbw1870.de\/wp-content\/uploads\/2019\/06\/20190602_0535-683x1024.jpg\" alt=\"\" class=\"wp-image-723\" width=\"430\" height=\"878\"\/><\/figure><\/div>\n\n\n\n<h2 style=\"text-align:center\" id=\"2018\"> <br>2018<br>Jens Alfermann &amp; Annabell Schrieck <\/h2>\n\n\n\n<div class=\"wp-block-image\"><figure class=\"aligncenter is-resized\"><img decoding=\"async\" loading=\"lazy\" src=\"http:\/\/wordpress.sbw1870.de\/wp-content\/uploads\/2019\/03\/alfermann-716x1024.png\" alt=\"\" class=\"wp-image-346\" width=\"430\" height=\"878\"\/><\/figure><\/div>\n\n\n\n<h2 style=\"text-align:center\" id=\"2017\"><br>2017<br>Julian Kl\u00f6er &amp; Christina Happe <\/h2>\n\n\n\n<div class=\"wp-block-image\"><figure class=\"aligncenter is-resized\"><img decoding=\"async\" loading=\"lazy\" src=\"http:\/\/wordpress.sbw1870.de\/wp-content\/uploads\/2019\/03\/gPaare2017.png\" alt=\"\" class=\"wp-image-102\" width=\"430\" height=\"878\"\/><\/figure><\/div>\n\n\n\n<h2 style=\"text-align:center\" id=\"2016\"><br>2016  <br>Dietmar &amp; Alexandra Beele <\/h2>\n\n\n\n<div class=\"wp-block-image\"><figure class=\"aligncenter is-resized\"><img decoding=\"async\" loading=\"lazy\" src=\"http:\/\/wordpress.sbw1870.de\/wp-content\/uploads\/2019\/03\/gPaare2016-695x1024.jpg\" alt=\"\" class=\"wp-image-100\" width=\"430\" height=\"878\"\/><\/figure><\/div>\n\n\n\n<h2 style=\"text-align:center\" id=\"2015\"><br><strong>2015<\/strong> <br><strong>Wolfgang<\/strong> H\u00fcske &amp; Birgit Hermannschulte<\/h2>\n\n\n\n<div class=\"wp-block-image\"><figure class=\"aligncenter is-resized\"><img decoding=\"async\" loading=\"lazy\" src=\"http:\/\/wordpress.sbw1870.de\/wp-content\/uploads\/2019\/03\/whueske.jpg\" alt=\"\" class=\"wp-image-338\" width=\"430\" height=\"878\"\/><\/figure><\/div>\n\n\n\n<h2 style=\"text-align:center\" id=\"2014\"><br>2014<br>Andr\u00e9 Kramer &amp; Stefanie H\u00f6tte <\/h2>\n\n\n\n<div class=\"wp-block-image\"><figure class=\"aligncenter is-resized\"><img decoding=\"async\" loading=\"lazy\" src=\"http:\/\/wordpress.sbw1870.de\/wp-content\/uploads\/2019\/03\/akramer-694x1024.jpg\" alt=\"\" class=\"wp-image-274\" width=\"430\" height=\"878\"\/><\/figure><\/div>\n\n\n\n<h2 style=\"text-align:center\" id=\"2013\"><br>2013<br>Karsten  &amp; Melanie Strugholz<\/h2>\n\n\n\n<div class=\"wp-block-image\"><figure class=\"aligncenter is-resized\"><img decoding=\"async\" loading=\"lazy\" src=\"http:\/\/wordpress.sbw1870.de\/wp-content\/uploads\/2019\/03\/strugholtz-696x1024.jpg\" alt=\"\" class=\"wp-image-335\" width=\"430\" height=\"878\"\/><\/figure><\/div>\n\n\n\n<h2 style=\"text-align:center\" id=\"2012\"><br>2012<br>Alexander Happe &amp; Sabine K\u00fchle<\/h2>\n\n\n\n<div class=\"wp-block-image\"><figure class=\"aligncenter is-resized\"><img decoding=\"async\" loading=\"lazy\" src=\"http:\/\/wordpress.sbw1870.de\/wp-content\/uploads\/2019\/03\/happe-680x1024.jpg\" alt=\"\" class=\"wp-image-300\" width=\"430\" height=\"878\"\/><\/figure><\/div>\n\n\n\n<h2 style=\"text-align:center\" id=\"2011\"><br>2011<br>Norbert Wiedenstridt &amp; Brigitte Koch<\/h2>\n\n\n\n<div class=\"wp-block-image\"><figure class=\"aligncenter is-resized\"><img decoding=\"async\" loading=\"lazy\" src=\"http:\/\/wordpress.sbw1870.de\/wp-content\/uploads\/2019\/03\/wiedenstridt1-1-660x1024.jpg\" alt=\"\" class=\"wp-image-347\" width=\"430\" height=\"878\"\/><\/figure><\/div>\n\n\n\n<h2 style=\"text-align:center\" id=\"2010\"><br>2010<br>Andreas &amp; Gabriele Schulz<\/h2>\n\n\n\n<div class=\"wp-block-image\"><figure class=\"aligncenter is-resized\"><img decoding=\"async\" loading=\"lazy\" src=\"http:\/\/wordpress.sbw1870.de\/wp-content\/uploads\/2019\/03\/schulza.jpg\" alt=\"\" class=\"wp-image-333\" width=\"430\" height=\"878\"\/><\/figure><\/div>\n\n\n\n<h2 style=\"text-align:center\" id=\"2009\"><br>2009<br>Bernhard &amp; Nadja Berghoff<\/h2>\n\n\n\n<div class=\"wp-block-image\"><figure class=\"aligncenter is-resized\"><img decoding=\"async\" loading=\"lazy\" src=\"http:\/\/wordpress.sbw1870.de\/wp-content\/uploads\/2019\/03\/berghoffb-700x1024.jpg\" alt=\"\" class=\"wp-image-281\" width=\"430\" height=\"878\"\/><\/figure><\/div>\n\n\n\n<h2 style=\"text-align:center\" id=\"2008\"><br>2008<br>Rainer Kemper &amp; Petra Luhmann<\/h2>\n\n\n\n<div class=\"wp-block-image\"><figure class=\"aligncenter is-resized\"><img decoding=\"async\" loading=\"lazy\" src=\"http:\/\/wordpress.sbw1870.de\/wp-content\/uploads\/2019\/03\/kemperr-1-717x1024.jpg\" alt=\"\" class=\"wp-image-348\" width=\"430\" height=\"878\"\/><\/figure><\/div>\n\n\n\n<h2 style=\"text-align:center\" id=\"2007\"><br>2007<br>Ulrich &amp; Andrea Buntenbach<\/h2>\n\n\n\n<div class=\"wp-block-image\"><figure class=\"aligncenter is-resized\"><img decoding=\"async\" loading=\"lazy\" src=\"http:\/\/wordpress.sbw1870.de\/wp-content\/uploads\/2019\/03\/Buntenbach-693x1024.jpg\" alt=\"\" class=\"wp-image-283\" width=\"430\" height=\"878\"\/><\/figure><\/div>\n\n\n\n<h2 style=\"text-align:center\" id=\"2006\"><br>2006<br>Peter &amp; Carolin Cordes<\/h2>\n\n\n\n<div class=\"wp-block-image\"><figure class=\"aligncenter is-resized\"><img decoding=\"async\" loading=\"lazy\" src=\"http:\/\/wordpress.sbw1870.de\/wp-content\/uploads\/2019\/03\/Cordes-731x1024.jpg\" alt=\"\" class=\"wp-image-284\" width=\"430\" height=\"878\"\/><\/figure><\/div>\n\n\n\n<h2 style=\"text-align:center\" id=\"2005\"><br>2005<br>Peter &amp; Margaretha Wiemann<\/h2>\n\n\n\n<div class=\"wp-block-image\"><figure class=\"aligncenter is-resized\"><img decoding=\"async\" loading=\"lazy\" src=\"http:\/\/wordpress.sbw1870.de\/wp-content\/uploads\/2019\/03\/Wiemann-767x1024.jpg\" alt=\"\" class=\"wp-image-343\" width=\"430\" height=\"878\"\/><\/figure><\/div>\n\n\n\n<h2 style=\"text-align:center\" id=\"2004\"><br>2004<br>Thomas &amp; Maren Brock<\/h2>\n\n\n\n<div class=\"wp-block-image\"><figure class=\"aligncenter is-resized\"><img decoding=\"async\" loading=\"lazy\" src=\"http:\/\/wordpress.sbw1870.de\/wp-content\/uploads\/2019\/03\/brockt-684x1024.jpg\" alt=\"\" class=\"wp-image-282\" width=\"430\" height=\"878\"\/><\/figure><\/div>\n\n\n\n<h2 style=\"text-align:center\" id=\"2003\"><br>2003<br>Thomas Dreischal\u00fcck &amp; Ute Eickhoff<\/h2>\n\n\n\n<div class=\"wp-block-image\"><figure class=\"aligncenter is-resized\"><img decoding=\"async\" loading=\"lazy\" src=\"http:\/\/wordpress.sbw1870.de\/wp-content\/uploads\/2019\/03\/dreischa-704x1024.jpg\" alt=\"\" class=\"wp-image-288\" width=\"430\" height=\"878\"\/><\/figure><\/div>\n\n\n\n<h2 style=\"text-align:center\" id=\"2002\"><br>2002<br>Heiko Marschollek &amp; Nadine Kleeschulte<\/h2>\n\n\n\n<div class=\"wp-block-image\"><figure class=\"aligncenter is-resized\"><img decoding=\"async\" loading=\"lazy\" src=\"http:\/\/wordpress.sbw1870.de\/wp-content\/uploads\/2019\/03\/marschol-688x1024.jpg\" alt=\"\" class=\"wp-image-324\" width=\"430\" height=\"878\"\/><\/figure><\/div>\n\n\n\n<h2 style=\"text-align:center\" id=\"2001\"><br>2001<br>Stefan Wiedenstridt &amp; Ina Kl\u00f6er<\/h2>\n\n\n\n<div class=\"wp-block-image\"><figure class=\"aligncenter is-resized\"><img decoding=\"async\" loading=\"lazy\" src=\"http:\/\/wordpress.sbw1870.de\/wp-content\/uploads\/2019\/03\/wiedenstr-j-690x1024.jpg\" alt=\"\" class=\"wp-image-342\" width=\"430\" height=\"878\"\/><\/figure><\/div>\n\n\n\n<h2 style=\"text-align:center\" id=\"2000\"><br>2000<br>Manuel Schulte &amp; Christiane Kemper<\/h2>\n\n\n\n<div class=\"wp-block-image\"><figure class=\"aligncenter is-resized\"><img decoding=\"async\" loading=\"lazy\" src=\"http:\/\/wordpress.sbw1870.de\/wp-content\/uploads\/2019\/03\/schultej-708x1024.jpg\" alt=\"\" class=\"wp-image-331\" width=\"430\" height=\"878\"\/><\/figure><\/div>\n","protected":false},"excerpt":{"rendered":"<p>2019Martin Beele &amp; Beate Eickhoff 2018Jens Alfermann &amp; Annabell Schrieck 2017Julian Kl\u00f6er &amp; Christina Happe 2016 Dietmar &amp; Alexandra Beele 2015 Wolfgang H\u00fcske &amp; Birgit Hermannschulte 2014Andr\u00e9 Kramer &amp; Stefanie H\u00f6tte 2013Karsten &amp; Melanie Strugholz 2012Alexander Happe &amp; Sabine K\u00fchle &hellip; <a href=\"https:\/\/wordpress.sbw1870.de\/?page_id=93\">Weiterlesen <span class=\"meta-nav\">&rarr;<\/span><\/a><\/p>\n","protected":false},"author":1,"featured_media":0,"parent":0,"menu_order":0,"comment_status":"closed","ping_status":"closed","template":"","meta":[],"_links":{"self":[{"href":"https:\/\/wordpress.sbw1870.de\/index.php?rest_route=\/wp\/v2\/pages\/93"}],"collection":[{"href":"https:\/\/wordpress.sbw1870.de\/index.php?rest_route=\/wp\/v2\/pages"}],"about":[{"href":"https:\/\/wordpress.sbw1870.de\/index.php?rest_route=\/wp\/v2\/types\/page"}],"author":[{"embeddable":true,"href":"https:\/\/wordpress.sbw1870.de\/index.php?rest_route=\/wp\/v2\/users\/1"}],"replies":[{"embeddable":true,"href":"https:\/\/wordpress.sbw1870.de\/index.php?rest_route=%2Fwp%2Fv2%2Fcomments&post=93"}],"version-history":[{"count":25,"href":"https:\/\/wordpress.sbw1870.de\/index.php?rest_route=\/wp\/v2\/pages\/93\/revisions"}],"predecessor-version":[{"id":729,"href":"https:\/\/wordpress.sbw1870.de\/index.php?rest_route=\/wp\/v2\/pages\/93\/revisions\/729"}],"wp:attachment":[{"href":"https:\/\/wordpress.sbw1870.de\/index.php?rest_route=%2Fwp%2Fv2%2Fmedia&parent=93"}],"curies":[{"name":"wp","href":"https:\/\/api.w.org\/{rel}","templated":true}]}}